{"id":6307,"date":"2025-05-15T17:54:39","date_gmt":"2025-05-15T15:54:39","guid":{"rendered":"https:\/\/www.jupit.de\/produktwelt\/?post_type=product&#038;p=6307"},"modified":"2026-02-04T13:10:57","modified_gmt":"2026-02-04T12:10:57","slug":"atoll-st-200-signature","status":"publish","type":"product","link":"https:\/\/www.jupit.de\/produktwelt\/produkt\/stereo-verstaerker\/vorverstaerker\/atoll-st-200-signature\/","title":{"rendered":"ATOLL ST 200 Signature"},"content":{"rendered":"<h2>Atoll ST 200 Signature Streaming Vorverst\u00e4rker<\/h2>\n<p>Mit dem <strong>ST 200 Signature <\/strong>macht Atoll den Schritt in die Welt der Streaming Dienste und hochaufl\u00f6sender digitaler Musikformate.<\/p>\n<p>Er spielt alle g\u00e4ngigen Formate (FLAC, WAV, ALAC, MP3,&#8230;) mit bis zu 24Bit \/\u00a0192kHz ab und l\u00e4sst sich bequem per iPod \/ iPad \/ Android App von Ihrer Wohnzimmercouch aus steuern!<\/p>\n<p>Die hochaufl\u00f6senden HQ Streamingdienste wie <strong>QOBUZ, TIDAL, DEEZER<\/strong> und <strong>MQA <\/strong>sind direkt integriert.<br \/>\nEr ist ebenso <strong>Spotify<\/strong>&#8211; und <strong>Spotify Connect<\/strong>&#8211; und <strong>TIDAL Connect<\/strong> f\u00e4hig.<br \/>\n\u200d<br \/>\nDer ST 200 ist wie alle Atoll Streamer\/All-In-One Ger\u00e4te <strong>Roon Ready.<\/strong><\/p>\n<p>Und neben dieser State-of-the-Art Funktionen fungiert er auch noch als Schaltzentrale Ihrer gesamten Anlage!<br \/>\nZwei analoge Eing\u00e4nge f\u00fcr klassische Signalquellen, optischer und coaxialer Digitaleingang und USB lassen kein Ger\u00e4t au\u00dfen vor.<br \/>\nSie k\u00f6nnen auch einfach einen USB-Stick oder eine externe USB-Festplatte (mit FAT32 \/ NTFS \/ EXT2\/3\/4 Dateisystem) mit Ihrer Musiksammlung an das Ger\u00e4t anschlie\u00dfen und brauchen keinerlei zus\u00e4tzliche Netzwerkinfrastruktur. Die USB-Ports liefern \u00fcber 1A Strom (doppelt so viel wie in der USB-Spezifikation). Somit ist auch der Betrieb von gro\u00dfen und exotischen Festplatten sowie USB-3.0 Festplatten kein Problem!<\/p>\n<p>Und sollten Sie den ST 200 Signature als reines Quellger\u00e4t \u00a0verwenden wollen so k\u00f6nnen Sie diese auch einfach deaktivieren!<br \/>\nZus\u00e4tzlich k\u00f6nnen Sie auch \u00fcber <strong>airable <\/strong>aus ca. 100.000 (!) Radiostationen, Podcasts und weiteren Angeboten w\u00e4hlen.<br \/>\nDie n\u00e4chste Dimension des Streamings:<br \/>\n<strong>Der Atoll ST 200 Signature!<\/strong><\/p>\n","protected":false},"excerpt":{"rendered":"<p>Der <strong data-start=\"75\" data-end=\"101\">Atoll ST 200 Signature<\/strong> ist ein hochwertiger Streaming-Vorverst\u00e4rker mit integrierter Netzwerk- und Digitaltechnik, pr\u00e4zisem DAC und modularer Erweiterbarkeit. Er verbindet audiophile Klangqualit\u00e4t mit modernem Streaming-Komfort und bildet die ideale Schaltzentrale f\u00fcr anspruchsvolle Stereo-Systeme.<\/p>\n","protected":false},"featured_media":6308,"template":"","meta":{"_acf_changed":false},"product_brand":[438],"product_cat":[269,289],"product_tag":[],"class_list":{"0":"post-6307","1":"product","2":"type-product","3":"status-publish","4":"has-post-thumbnail","6":"product_brand-atoll","7":"product_cat-streamer","8":"product_cat-vorverstaerker","10":"first","11":"instock","12":"shipping-taxable","13":"product-type-simple"},"acf":[],"_links":{"self":[{"href":"https:\/\/www.jupit.de\/produktwelt\/wp-json\/wp\/v2\/product\/6307","targetHints":{"allow":["GET"]}}],"collection":[{"href":"https:\/\/www.jupit.de\/produktwelt\/wp-json\/wp\/v2\/product"}],"about":[{"href":"https:\/\/www.jupit.de\/produktwelt\/wp-json\/wp\/v2\/types\/product"}],"wp:featuredmedia":[{"embeddable":true,"href":"https:\/\/www.jupit.de\/produktwelt\/wp-json\/wp\/v2\/media\/6308"}],"wp:attachment":[{"href":"https:\/\/www.jupit.de\/produktwelt\/wp-json\/wp\/v2\/media?parent=6307"}],"wp:term":[{"taxonomy":"product_brand","embeddable":true,"href":"https:\/\/www.jupit.de\/produktwelt\/wp-json\/wp\/v2\/product_brand?post=6307"},{"taxonomy":"product_cat","embeddable":true,"href":"https:\/\/www.jupit.de\/produktwelt\/wp-json\/wp\/v2\/product_cat?post=6307"},{"taxonomy":"product_tag","embeddable":true,"href":"https:\/\/www.jupit.de\/produktwelt\/wp-json\/wp\/v2\/product_tag?post=6307"}],"curies":[{"name":"wp","href":"https:\/\/api.w.org\/{rel}","templated":true}]}}