{"id":6294,"date":"2025-05-15T15:42:57","date_gmt":"2025-05-15T13:42:57","guid":{"rendered":"https:\/\/www.jupit.de\/produktwelt\/?post_type=product&#038;p=6294"},"modified":"2026-02-05T15:17:25","modified_gmt":"2026-02-05T14:17:25","slug":"bluesound-node-icon-2","status":"publish","type":"product","link":"https:\/\/www.jupit.de\/produktwelt\/produkt\/streamer\/bluesound-node-icon-2\/","title":{"rendered":"Bluesound Node Icon &#8211; Netzwerk-Streamer"},"content":{"rendered":"<h2>Kabelloser Referenz Musikstreamer<\/h2>\n<p>Der NODE ICON ist ein hochwertiger kabelloser Musik-Streamer, entwickelt f\u00fcr anspruchsvolle Audio-Enthusiasten. Mit seinem eleganten Aluminiumgeh\u00e4use und dem brillanten 5-Zoll-Farbdisplay setzt er neue Ma\u00dfst\u00e4be unter den Wireless-Musikstreamern. Verbinden Sie ihn problemlos mit jedem hochwertigen Verst\u00e4rker, Aktivlautsprechern oder Kopfh\u00f6rern und genie\u00dfen Sie hochaufl\u00f6sendes BluOS-Streaming, Apple AirPlay 2, THX AAA\u2122-Technologie und vieles mehr. HDMI eARC, Dolby Digital und Dirac Live* sorgen f\u00fcr ein beeindruckendes Klangerlebnis bei Musik und TV<\/p>\n<p>VON IKONISCH ZUR IKONE<\/p>\n<p>Der NODE ICON definiert HiFi-H\u00f6rerlebnisse neu \u2013 mit seinem aufw\u00e4ndig entwickelten Dual-Mono-DAC-Design. Dank zweier hochmoderner ESS SABRE ES9039Q2M DACs und transparenter Schaltung liefert er Klang mit konkurrenzlosem Dynamikumfang, extrem geringen Verzerrungen und herausragender Aufl\u00f6sung. Die bahnbrechende QRONO d2a-Technologie von MQA Labs verfeinert die DAC-Leistung zus\u00e4tzlich, indem Timing-Fehler bei der digitalen zu analogen Wandlung korrigiert werden. Dadurch wird eine perfekte \u00dcbereinstimmung mit dem urspr\u00fcnglichen Timing der Aufnahme erreicht, was ein authentisches H\u00f6rerlebnis garantiert.<\/p>\n<p>ELEGANT GESTALTET F\u00dcR AUDIO-ENTHUSIASTEN<\/p>\n<p>Mit markantem Industriedesign f\u00fcr die n\u00e4chste HiFi-Generation bietet der NODE ICON ein hochwertiges Aluminium-Geh\u00e4use, symmetrische XLR-Ausg\u00e4nge und ein brillantes 5-Zoll-Farb-HD-Display. Seine gl\u00e4nzend-schwarze Oberfl\u00e4che f\u00fcgt sich nahtlos in jede Umgebung ein, w\u00e4hrend audiophile Anschl\u00fcsse h\u00f6chste Klangqualit\u00e4t garantieren. Dank Unterst\u00fctzung f\u00fcr DSD-Wiedergabe und dem neuesten ES9826 SABRE ADC liefert er originalgetreuen analogen Klang mit minimalem Rauschen und minimalen Verzerrungen.<\/p>\n<p>STREAMEN SIE ALLES<\/p>\n<p>Mit dem NODE ICON streamen Sie s\u00e4mtliche jemals aufgenommenen Musiktitel \u2013 von popul\u00e4ren Streamingdiensten bis hin zu Ihrer eigenen digitalen Musiksammlung \u2013 einfach und intuitiv \u00fcber die BluOS-App. Dank integriertem Apple AirPlay 2 und aptX\u2122 Adaptive Bluetooth* genie\u00dfen Sie noch mehr Musik aus verschiedensten Apps und Diensten. Der HDMI-eARC-Anschluss verbindet das Ger\u00e4t problemlos mit Ihrem Fernseher und bringt hochaufl\u00f6senden Musikgenuss in Filme und Gaming \u2013 mit nur einem Kabel.<\/p>\n<p>MEHR ALS NUR HIFI<\/p>\n<p>Der NODE ICON verbindet sich kabellos mit Bluesound-Lautsprechern und Stereo-Komponenten und schafft so ein Multiroom-Musiksystem im gesamten Haus, vernetzt durch BluOS\u2122. Dual-Band-WLAN sorgt dabei f\u00fcr st\u00f6rungsfreien Musikgenuss. Genie\u00dfen Sie Ihren Lieblingstitel im ganzen Haus oder h\u00f6ren Sie verschiedene Genres in unterschiedlichen R\u00e4umen \u2013 alles bequem steuerbar per Smartphone, Tablet oder Desktop.<\/p>\n<p>DIE WELTBESTE KOPFH\u00d6RERVERST\u00c4RKER-TECHNOLOGIE<\/p>\n<p>Lebensechtes Kopfh\u00f6rer-H\u00f6ren wird durch die THX AAA\u2122-Technologie erm\u00f6glicht \u2013 dem Kopfh\u00f6rerverst\u00e4rker mit weltweit f\u00fchrender Linearit\u00e4t. Seine patentierte Feed-Forward-Fehlerkorrektur sorgt f\u00fcr extrem niedriges Rauschen und minimale Verzerrungen, was eine au\u00dfergew\u00f6hnliche Klangb\u00fchne und Klarheit offenbart. Schlie\u00dfen Sie Ihre High-End-Kopfh\u00f6rer an einen der beiden 6,3-mm-Kopfh\u00f6reranschl\u00fcsse an und erleben Sie audiophilen Klang \u2013 kompromisslos und einfach.<\/p>\n<p>INTELLIGENTE AKUSTIK<\/p>\n<p>Der NODE ICON bek\u00e4mpft akustische Probleme im H\u00f6rraum mithilfe der Dirac Live-Technologie*, die als optionales Upgrade direkt bei Dirac erh\u00e4ltlich ist. Nutzen Sie die Dirac-App, um Ihre Raumakustik zu messen und stehende Wellen, Nachhall sowie andere unerw\u00fcnschte Verzerrungen effektiv zu eliminieren. Das Ergebnis ist ein klarer, ausgewogener und detailreicher Klang f\u00fcr Musik und Filmton. Ein spezielles Kalibrierungsset mit hochempfindlichem Mikrofon ist separat bei Bluesound erh\u00e4ltlich. *Verf\u00fcgbar \u00fcber ein zuk\u00fcnftiges Software-Update.<\/p>\n","protected":false},"excerpt":{"rendered":"<p>Der <strong data-start=\"48\" data-end=\"71\">Bluesound NODE ICON<\/strong> ist ein hochwertiger Netzwerk-Streamer mit modernster Streaming-Technologie, exzellentem DAC und elegantem Design. Er bietet komfortablen Zugriff auf zahlreiche Musikdienste, Multiroom-Funktionalit\u00e4t mit BluOS und pr\u00e4zisen, detailreichen Klang f\u00fcr anspruchsvolle Stereo-Setups.<\/p>\n","protected":false},"featured_media":6295,"template":"","meta":{"_acf_changed":false},"product_brand":[472],"product_cat":[269],"product_tag":[],"class_list":{"0":"post-6294","1":"product","2":"type-product","3":"status-publish","4":"has-post-thumbnail","6":"product_brand-bluesound","7":"product_cat-streamer","9":"first","10":"instock","11":"shipping-taxable","12":"product-type-simple"},"acf":[],"_links":{"self":[{"href":"https:\/\/www.jupit.de\/produktwelt\/wp-json\/wp\/v2\/product\/6294","targetHints":{"allow":["GET"]}}],"collection":[{"href":"https:\/\/www.jupit.de\/produktwelt\/wp-json\/wp\/v2\/product"}],"about":[{"href":"https:\/\/www.jupit.de\/produktwelt\/wp-json\/wp\/v2\/types\/product"}],"wp:featuredmedia":[{"embeddable":true,"href":"https:\/\/www.jupit.de\/produktwelt\/wp-json\/wp\/v2\/media\/6295"}],"wp:attachment":[{"href":"https:\/\/www.jupit.de\/produktwelt\/wp-json\/wp\/v2\/media?parent=6294"}],"wp:term":[{"taxonomy":"product_brand","embeddable":true,"href":"https:\/\/www.jupit.de\/produktwelt\/wp-json\/wp\/v2\/product_brand?post=6294"},{"taxonomy":"product_cat","embeddable":true,"href":"https:\/\/www.jupit.de\/produktwelt\/wp-json\/wp\/v2\/product_cat?post=6294"},{"taxonomy":"product_tag","embeddable":true,"href":"https:\/\/www.jupit.de\/produktwelt\/wp-json\/wp\/v2\/product_tag?post=6294"}],"curies":[{"name":"wp","href":"https:\/\/api.w.org\/{rel}","templated":true}]}}