{"id":6281,"date":"2025-05-15T14:43:33","date_gmt":"2025-05-15T12:43:33","guid":{"rendered":"https:\/\/www.jupit.de\/produktwelt\/?post_type=product&#038;p=6281"},"modified":"2026-02-04T13:14:58","modified_gmt":"2026-02-04T12:14:58","slug":"ta-a-200","status":"publish","type":"product","link":"https:\/\/www.jupit.de\/produktwelt\/produkt\/stereo-verstaerker\/endverstaerker\/ta-a-200\/","title":{"rendered":"T+A A 200 Endstufe"},"content":{"rendered":"<h2>Das Ziel der A 200 Endstufe ist es, H\u00f6chstleistung als Verst\u00e4rker mit audiophiler Klangcharakteristik zu verbinden.<\/h2>\n<p>Auf der einen Seite bedeutet dies 250 Watt Dauerleistung pro Kanal, auf der anderen Seite f\u00fchrt diese Kraft gerade nicht zu einem R\u00fcckgang an Feinzeichnung, Aufl\u00f6sung und Detaildynamik. Ihre K\u00fchlk\u00f6rper sind technische Notwendigkeit und Designstatement in einem: Sie stellen jedes Watt Leistung eindrucksvoll zur Schau und sorgen f\u00fcr eine effiziente W\u00e4rmeableitung \u2013 auch unter H\u00f6chstbelastung. Die A 200 Endstufe wurde daraufhin entwickelt, entweder als leistungsstarke Erg\u00e4nzung bestehender Anlagen zu funktionieren oder im Verbund der Serie 200 das leistungsstarke Ende einer perfekt aufeinander abgestimmten Kette audiophiler Spezialger\u00e4te zu sein.<\/p>\n<p>Wir glauben nur an Leistung, wenn wir sie mit Effizienz und Pr\u00e4zision in der Praxis anwenden k\u00f6nnen. Um ein Optimum aus Klangqualit\u00e4t, Leistung und Effizienz zu erreichen, haben wir eine v\u00f6llig neue Schaltungstopologie entwickelt. Sie vereint T+As einzigartige HV- und Hochfrequenz-Sinus-Netzteil-Technologien mit der PURIFI Eigentakt\u2122 Ausgangsstufen-Technologie. So gelingt es, aus ungez\u00e4hmter Leistung audiophile H\u00f6chstleistung zu machen. S\u00e4mtliche Schaltungen und Platinen werden von unserem Entwicklungsteam entworfen und umgesetzt und die PURIFI-Module darin implementiert. Der D\u00e4mpfungsfaktor der A 200 kann abgesenkt werden, falls in Abh\u00e4ngigkeit von den Lautsprechern ein w\u00e4rmeres oder weiches Klangbild gew\u00fcnscht wird.<\/p>\n<p>PURIFI Eigentakt\u2122 Technologie eingesetzt. Die von dem d\u00e4nischen Technologieunternehmen entwickelte Plattform ist das zurzeit weltweit f\u00fchrende Konzept f\u00fcr Class-D-Endstufen und vermeidet die Nachteile bisheriger Digitalverst\u00e4rker. Bisherige digitale Verst\u00e4rkerkonzepte sind durch hohe Lastabh\u00e4ngigkeit von der Impedanz der angeschlossenen Lautsprecher, Verzerrungen des Ausgangssignals, Phasenrauschen und erh\u00f6htes Klirrverhalten bei hohen Leistungen limitiert. Dagegen zeichnet sich das neue Konzept durch hervorragende Daten aus und ist durch sie f\u00fcr den audiophilen Einsatz pr\u00e4destiniert:<\/p>\n<p>Trotz des Effizienzvorteils haben herk\u00f6mmliche Schaltnetzteile den Nachteil, st\u00f6rende Einstreuungen zu erzeugen, die den Klang nachhaltig negativ beeinflussen. Als Antwort darauf setzen wir unsere T+A High-Frequency-Sinus-Netzteile ein: Ihr reiner Sinustakt und eine mehr als doppelte Frequenz im Vergleich zu gew\u00f6hnlichen Netzteilen kompensieren diese St\u00f6rungen effektiv. Letzte Einstreuungen werden durch die intelligente Nachladung der verbauten T+A Siebkondensatoren eliminiert. In jahrelanger Entwicklung ist es T+A Ingenieuren gelungen, Kondensatoren zu entwickeln, die sich 100.000-mal pro Sekunde nachladen \u2013 2.000-mal h\u00e4ufiger als gew\u00f6hnliche Kondensatoren. Nur damit reagieren sie auch auf kurzfristige Signalspr\u00fcnge und stellen stets die korrekte Menge elektrischer Energie zur Verf\u00fcgung. Unsere Sinus Netzteile sind \u201eharte\u201c Netzteile, sie brechen auch unter h\u00f6chster Belastung nicht zusammen und versorgen die Endstufen mit absolut konstanter Spannung.<\/p>\n<p>Unsere Intelligent Safe Control (ISC) gleicht dem ABS eines Sportwagens: Durch seine zahlreichen Sonden \u00fcberwacht der Mikrocontroller der ISC permanent die Temperatur, Last oder Clipping-Zust\u00e4nde und greift intelligent ein, um die Parameter auf ihr regul\u00e4res Ma\u00df zur\u00fcckzuf\u00fchren.<\/p>\n","protected":false},"excerpt":{"rendered":"<p>Der <strong data-start=\"52\" data-end=\"65\">T+A A 200<\/strong> ist ein leistungsstarker High-End-Endverst\u00e4rker der A-Serie mit hoher Stromlieferf\u00e4higkeit, pr\u00e4ziser Kontrolle und audiophiler Klangabstimmung. Entwickelt f\u00fcr anspruchsvolle Lautsprecher, bietet er dynamische Wiedergabe, souver\u00e4ne Stabilit\u00e4t und kompromisslose Verarbeitungsqualit\u00e4t f\u00fcr hochwertige Stereo- und Mehrkanal-Setups.<\/p>\n","protected":false},"featured_media":6282,"template":"","meta":{"_acf_changed":false},"product_brand":[464],"product_cat":[293],"product_tag":[],"class_list":{"0":"post-6281","1":"product","2":"type-product","3":"status-publish","4":"has-post-thumbnail","6":"product_brand-ta","7":"product_cat-endverstaerker","9":"first","10":"instock","11":"shipping-taxable","12":"product-type-simple"},"acf":[],"_links":{"self":[{"href":"https:\/\/www.jupit.de\/produktwelt\/wp-json\/wp\/v2\/product\/6281","targetHints":{"allow":["GET"]}}],"collection":[{"href":"https:\/\/www.jupit.de\/produktwelt\/wp-json\/wp\/v2\/product"}],"about":[{"href":"https:\/\/www.jupit.de\/produktwelt\/wp-json\/wp\/v2\/types\/product"}],"wp:featuredmedia":[{"embeddable":true,"href":"https:\/\/www.jupit.de\/produktwelt\/wp-json\/wp\/v2\/media\/6282"}],"wp:attachment":[{"href":"https:\/\/www.jupit.de\/produktwelt\/wp-json\/wp\/v2\/media?parent=6281"}],"wp:term":[{"taxonomy":"product_brand","embeddable":true,"href":"https:\/\/www.jupit.de\/produktwelt\/wp-json\/wp\/v2\/product_brand?post=6281"},{"taxonomy":"product_cat","embeddable":true,"href":"https:\/\/www.jupit.de\/produktwelt\/wp-json\/wp\/v2\/product_cat?post=6281"},{"taxonomy":"product_tag","embeddable":true,"href":"https:\/\/www.jupit.de\/produktwelt\/wp-json\/wp\/v2\/product_tag?post=6281"}],"curies":[{"name":"wp","href":"https:\/\/api.w.org\/{rel}","templated":true}]}}