{"id":6266,"date":"2025-05-15T13:23:15","date_gmt":"2025-05-15T11:23:15","guid":{"rendered":"https:\/\/www.jupit.de\/produktwelt\/?post_type=product&#038;p=6266"},"modified":"2026-02-04T13:15:27","modified_gmt":"2026-02-04T12:15:27","slug":"gauder-akustik-capello-100-dv-alu","status":"publish","type":"product","link":"https:\/\/www.jupit.de\/produktwelt\/produkt\/lautsprecher\/standlautsprecher\/gauder-akustik-capello-100-dv-alu\/","title":{"rendered":"Gauder Akustik Capello 100 DV  Lautsprecher"},"content":{"rendered":"<h2>Gauder Akustik Capello 100\u00a0 DV \/ Alu Standlautsprecher<\/h2>\n<h3>Wegweisend, innovativ und klangstark<\/h3>\n<p>Die neue Capello-Serie vereint alles, was im Lautsprecherbau innovativ und fortschrittlich ist und bringt eine Klangf\u00fclle und Dynamik, die so bisher nicht zu finden war. Ob es Verbesserungen bei Geh\u00e4usen, bei Lautsprecherchassis oder bei Frequenzweichen, dem Herzst\u00fcck eines Lautsprechers, sind oder ob es die geniale Kombination aller Details ist, h\u00f6ren Sie sich diese Lautsprecher in Ruhe an und vollziehen Sie es nach, warum wir so stolz darauf sind!<\/p>\n<p>Die Capello Serie beinhaltet die Essenz aus all den Vorg\u00e4nger-Serien, die weltweit schon so erfolgreich waren. Technische Weiterentwicklungen sind selten von au\u00dfen so deutlich zu erkennen, aber schon bei den ersten T\u00f6nen wissen Sie, wovon wir reden.<\/p>\n<p>Sie lieben 3-Wege-Systeme? Mit Doppelbassbest\u00fcckung? Schwarzer Bass, unglaubliche Dynamik, feinste Details, perfekte R\u00e4umlichkeit? Dann wird die Capello 100 Ihre Lautsprecherbox<\/p>\n<ul>\n<li>3-Wege Standlautsprechernach unten ventiliertes, akustisch optimiertes Bassreflexgeh\u00e4use<\/li>\n<li>\n<div class=\"class u-list-icon\">\n<div class=\"u-svg-content\">Mittelhochtoneinheit geschlossen<\/div>\n<\/div>\n<\/li>\n<li>\n<div class=\"class u-list-icon\">\n<div class=\"u-svg-content\">schwarze XPulse Tief-\/Mittelt\u00f6ner<\/div>\n<\/div>\n<\/li>\n<li>\n<div class=\"class u-list-icon\">\n<div class=\"u-svg-content\">handselektierter hochaufl\u00f6sender Aluminium-Hocht\u00f6ner \u2013 upgradef\u00e4hig auf Beryllium-Hocht\u00f6ner<\/div>\n<\/div>\n<\/li>\n<li>\n<div class=\"class u-list-icon\">\n<div class=\"u-svg-content\">BiWiring Terminal mit WBT NextGen Anschlussklemmen<\/div>\n<\/div>\n<\/li>\n<li>\n<div class=\"class u-list-icon\">\n<div class=\"u-svg-content\">symmetrische, mit Mundorf Bauteilen best\u00fcckte Frequenzweiche<\/div>\n<\/div>\n<\/li>\n<li>Flankensteilheit 60 dB\/Oktave<\/li>\n<li>\n<div class=\"class u-list-icon\">\n<div class=\"u-svg-content\">TDC implementiert (Zeitkorrektur f\u00fcr perfekte Impulswiedergabe)<\/div>\n<\/div>\n<\/li>\n<li>\n<div class=\"class u-list-icon\">\n<div class=\"u-svg-content\">variable Bass Extension<\/div>\n<\/div>\n<\/li>\n<li>\n<div class=\"class u-list-icon\">\n<div class=\"u-svg-content\">Innenverkabelung mit Clearwater-Kabel<\/div>\n<\/div>\n<\/li>\n<li>\n<div class=\"class u-list-icon\">\n<div class=\"u-svg-content\">Dreifach einstellbare Raumanpassung<\/div>\n<\/div>\n<\/li>\n<li>\n<div class=\"class u-list-icon\">\n<div class=\"u-svg-content\">Spike Extender-B\u00fcgel serienm\u00e4\u00dfig<\/div>\n<\/div>\n<\/li>\n<li>\n<div class=\"class u-list-icon\">\n<div class=\"u-svg-content\">erh\u00e4ltlich in schwarz und weiss Klavierlack<\/div>\n<\/div>\n<\/li>\n<li>\n<div class=\"class u-list-icon\">\n<div class=\"u-svg-content\">Olive, Nussbaum seidenmatt &#8211; ohne Aufpreis optional erh\u00e4ltlich<\/div>\n<\/div>\n<\/li>\n<\/ul>\n","protected":false},"excerpt":{"rendered":"<p>Die <strong data-start=\"64\" data-end=\"103\">Gauder Akustik Capello 100 DV \/ Alu<\/strong> ist ein kompromisslos konstruierter High-End-Standlautsprecher mit au\u00dfergew\u00f6hnlicher Impulstreue, pr\u00e4ziser Detailaufl\u00f6sung und kontrolliertem Tiefbass. Dank aufwendiger Geh\u00e4usekonstruktion, hochwertiger Treiber und fein abgestimmter Frequenzweiche bietet sie eine transparente, dynamische Wiedergabe f\u00fcr anspruchsvollste Stereo-Setups in gr\u00f6\u00dferen R\u00e4umen.<\/p>\n","protected":false},"featured_media":6271,"template":"","meta":{"_acf_changed":false},"product_brand":[458],"product_cat":[277,299],"product_tag":[],"class_list":{"0":"post-6266","1":"product","2":"type-product","3":"status-publish","4":"has-post-thumbnail","6":"product_brand-gauder-akustik-lautsprecher","7":"product_cat-lautsprecher","8":"product_cat-standlautsprecher","10":"first","11":"instock","12":"shipping-taxable","13":"product-type-simple"},"acf":[],"_links":{"self":[{"href":"https:\/\/www.jupit.de\/produktwelt\/wp-json\/wp\/v2\/product\/6266","targetHints":{"allow":["GET"]}}],"collection":[{"href":"https:\/\/www.jupit.de\/produktwelt\/wp-json\/wp\/v2\/product"}],"about":[{"href":"https:\/\/www.jupit.de\/produktwelt\/wp-json\/wp\/v2\/types\/product"}],"wp:featuredmedia":[{"embeddable":true,"href":"https:\/\/www.jupit.de\/produktwelt\/wp-json\/wp\/v2\/media\/6271"}],"wp:attachment":[{"href":"https:\/\/www.jupit.de\/produktwelt\/wp-json\/wp\/v2\/media?parent=6266"}],"wp:term":[{"taxonomy":"product_brand","embeddable":true,"href":"https:\/\/www.jupit.de\/produktwelt\/wp-json\/wp\/v2\/product_brand?post=6266"},{"taxonomy":"product_cat","embeddable":true,"href":"https:\/\/www.jupit.de\/produktwelt\/wp-json\/wp\/v2\/product_cat?post=6266"},{"taxonomy":"product_tag","embeddable":true,"href":"https:\/\/www.jupit.de\/produktwelt\/wp-json\/wp\/v2\/product_tag?post=6266"}],"curies":[{"name":"wp","href":"https:\/\/api.w.org\/{rel}","templated":true}]}}