{"id":6262,"date":"2025-05-15T12:57:28","date_gmt":"2025-05-15T10:57:28","guid":{"rendered":"https:\/\/www.jupit.de\/produktwelt\/?post_type=product&#038;p=6262"},"modified":"2026-02-04T13:15:49","modified_gmt":"2026-02-04T12:15:49","slug":"gauder-akustik-elargo-100-be-dv","status":"publish","type":"product","link":"https:\/\/www.jupit.de\/produktwelt\/produkt\/lautsprecher\/standlautsprecher\/gauder-akustik-elargo-100-be-dv\/","title":{"rendered":"Gauder Akustik Elargo 100 BE \/ DV Standlautsprecher"},"content":{"rendered":"<h2 class=\"u-align-center u-text u-text-1\">Die Elargo-Serie \u2013 Beauty and the Beat<\/h2>\n<p>Lautsprecherboxen sind Bestandteil Ihrer Wohnungseinrichtung. Sie verk\u00f6rpern Ihren Lebensstil und Ihre Leidenschaft f\u00fcr die Musik. Sie haben Stil und Klasse. Genau f\u00fcr Sie haben wir die neue Elargo-Serie geschaffen!<\/p>\n<p>Lautsprecher m\u00fcssen die elektrische Energie des Verst\u00e4rkers in akustische Energie umsetzen und das gesamte Luftvolumen Ihres Raums in Schwingungen versetzen. Diese Aufgabe ist speziell im Bassbereich eine echte Herausforderung f\u00fcr den Lautsprecher. Deshalb m\u00fcssen Lautsprecherboxen auch heute noch ein gro\u00dfes Volumen besitzen und der Hocht\u00f6ner sollte zudem in Ohrh\u00f6he sitzen. Durch diese und andere Forderungen haben sich Lautsprechers\u00e4ulen mit einer H\u00f6he zwischen 90 cm und 1,30 m als so klanglich \u00fcberlegen erwiesen.<\/p>\n<p>Genau da setzen wir mit der Elargo-Serie an: Standboxen mit 118 cm und 126 cm H\u00f6he passen sich \u00e4sthetisch wunderbar in Ihren Wohnraum ein und machen sie zum nat\u00fcrlichen Mittelpunkt Ihrer HighEnd-Anlage. H\u00f6ren Sie Musik wie nie zuvor und berauschen Sie sich an der wundersch\u00f6nen Oberfl\u00e4che der Lautsprecher-Skulpturen!<\/p>\n<p>3-Wege-Bassreflexbox mit zwei 17-cm XPulse Spezial-Langhub-Basschassis mit hinterl\u00fcfteter Zentrierspinne und versteifter Aluminium-Membran. Down-Firing-Prinzip f\u00fcr gleichm\u00e4\u00dfige Raumanregung. XPulse-Mittelt\u00f6ner mit leichter, bed\u00e4mpfter, ultrasteifer Aluminium-Membran, starker Antrieb und hinterl\u00fcftete Zentrierspinne. Hocht\u00f6ner mit ultraleichter Berylliummembran und mit Eisen-Neodym-Bor Magnet f\u00fcr extrem hohe Hochtonaufl\u00f6sung (perfektes Impulsverhalten).<\/p>\n<p><strong>TDC-Technologie<\/strong><\/p>\n<p>Durchl\u00e4uft ein Musiksignal eine Frequenzweiche wird es durch die dort verwendeten Spulen zeitlich verz\u00f6gert. Je gr\u00f6\u00dfer die Spulen, desto gr\u00f6\u00dfer die Zeitverz\u00f6gerung. Da im Signalweg des Hocht\u00f6ners keine Spule (Tiefpass) sitzt, bleibt das Hochtonsignal zeitlich unverz\u00f6gert und wird als erstes abgestrahlt, danach das Mitteltonsignal und zum Schluss das Basssignal. Breitbandige Impulse werden somit zeitlich verzerrt wiedergegeben und verlieren dadurch ihre Dynamik und zeitliche Koh\u00e4renz. Die Musik wirkt weniger dynamisch, die Eins\u00e4tze wirken verschmiert.<\/p>\n<p>Zus\u00e4tzlich zur elektrischen Verz\u00f6gerung gibt es auch noch die geometrische Signalverz\u00f6gerung, weil die Hocht\u00f6nermembran weiter vorne sitzt als das akustische Zentrum des Tiefmittelt\u00f6ners. Allerdings betr\u00e4gt die Verz\u00f6gerungszeit dieses Versatzes nur 0,1 ms, im Gegensatz zum elektrischen Versatz von ca. 2 ms.<\/p>\n<p>Es gilt also die Zeitverz\u00f6gerung des Tiefmittelt\u00f6ners zu kompensieren, indem man den Hocht\u00f6ner um den entsprechenden Betrag verz\u00f6gert, so dass beide gleichzeitig abstrahlen und den Originalimpuls auch akustisch wieder zusammensetzen. Das erreichen wir durch eine spezielle Schaltung, die in der Frequenzweiche integriert ist. Wir verz\u00f6gern also das Signal elektrisch.<\/p>\n<p>Manche Hersteller versuchen die Kompensation durch ein Verschieben des Hocht\u00f6ners nach hinten zu erreichen. Bei 2 ms Verz\u00f6gerungszeit (was ein \u00fcblicher Wert ist) bedeutet dies aber eine Verschiebung nach hinten von 68 cm! Das l\u00e4sst sich also absolut nicht realisieren, da dann zu starke reflexions- und Beugungseffekte auf den Fl\u00e4chen und an den Kanten entstehen.<\/p>\n<p>Da unsere Lautsprecher alle sehr niedrige \u00dcbergangsfrequenzen vom Bass zum Mitteltonlautsprecher besitzen (120 Hz \u2013 166 Hz) und das Ohr im Bassbereich sehr unempfindlich ist, ben\u00f6tigt man keine Zeitverz\u00f6gerung des Mittelt\u00f6ners gegen\u00fcber dem Bass. Zudem schwingen nat\u00fcrlich Instrumente in diesem Frequenzbereich sehr viel langsamer ein als die Zeitdifferenz, die durch die Spulen erzeugt wird.<\/p>\n<p>Durch die bruchlose Wiedergabe mit TDC gibt es auch bei der akustischen Phase des Lautsprechers keine Verzerrungen mehr und das Musikgeschehen l\u00f6st sich wunderbar vom Lautsprecher und spielt im H\u00f6rraum von \u201eWand zu Wand\u201c \u2013 was zu einer perfekten Illusion des r\u00e4umlichen Klanggeschehens f\u00fchrt.<\/p>\n<p>Die TDC-Technologie in Verbindung mit unseren ultrasteilen Frequenzweichenfiltern erzeugt zum ersten Mal in der HiFi-Historie eine perfekte Impulswiedergabe und darf absolut als Game-Changer bezeichnet werden.<\/p>\n","protected":false},"excerpt":{"rendered":"<p>Die Elargo-Serie \u2013 Beauty and the Beat Lautsprecherboxen sind Bestandteil Ihrer Wohnungseinrichtung. Sie verk\u00f6rpern Ihren Lebensstil und Ihre Leidenschaft f\u00fcr die Musik. Sie haben Stil und Klasse. Genau f\u00fcr Sie haben wir die neue Elargo-Serie geschaffen! Lautsprecher m\u00fcssen die elektrische Energie des Verst\u00e4rkers in akustische Energie umsetzen und das gesamte Luftvolumen Ihres Raums in Schwingungen [&hellip;]<\/p>\n","protected":false},"featured_media":6263,"template":"","meta":{"_acf_changed":false},"product_brand":[458],"product_cat":[277,299],"product_tag":[460,461,452,445,459],"class_list":{"0":"post-6262","1":"product","2":"type-product","3":"status-publish","4":"has-post-thumbnail","6":"product_brand-gauder-akustik-lautsprecher","7":"product_cat-lautsprecher","8":"product_cat-standlautsprecher","9":"product_tag-gauder-akustik","10":"product_tag-heimkino","11":"product_tag-highend","12":"product_tag-jupit","13":"product_tag-lautsprecher","15":"first","16":"instock","17":"shipping-taxable","18":"product-type-simple"},"acf":[],"_links":{"self":[{"href":"https:\/\/www.jupit.de\/produktwelt\/wp-json\/wp\/v2\/product\/6262","targetHints":{"allow":["GET"]}}],"collection":[{"href":"https:\/\/www.jupit.de\/produktwelt\/wp-json\/wp\/v2\/product"}],"about":[{"href":"https:\/\/www.jupit.de\/produktwelt\/wp-json\/wp\/v2\/types\/product"}],"wp:featuredmedia":[{"embeddable":true,"href":"https:\/\/www.jupit.de\/produktwelt\/wp-json\/wp\/v2\/media\/6263"}],"wp:attachment":[{"href":"https:\/\/www.jupit.de\/produktwelt\/wp-json\/wp\/v2\/media?parent=6262"}],"wp:term":[{"taxonomy":"product_brand","embeddable":true,"href":"https:\/\/www.jupit.de\/produktwelt\/wp-json\/wp\/v2\/product_brand?post=6262"},{"taxonomy":"product_cat","embeddable":true,"href":"https:\/\/www.jupit.de\/produktwelt\/wp-json\/wp\/v2\/product_cat?post=6262"},{"taxonomy":"product_tag","embeddable":true,"href":"https:\/\/www.jupit.de\/produktwelt\/wp-json\/wp\/v2\/product_tag?post=6262"}],"curies":[{"name":"wp","href":"https:\/\/api.w.org\/{rel}","templated":true}]}}