{"id":6258,"date":"2025-05-15T12:41:39","date_gmt":"2025-05-15T10:41:39","guid":{"rendered":"https:\/\/www.jupit.de\/produktwelt\/?post_type=product&#038;p=6258"},"modified":"2026-02-05T15:17:39","modified_gmt":"2026-02-05T14:17:39","slug":"cambridge-audio-exn-100","status":"publish","type":"product","link":"https:\/\/www.jupit.de\/produktwelt\/produkt\/streamer\/cambridge-audio-exn-100\/","title":{"rendered":"Cambridge Audio EXN 100"},"content":{"rendered":"<div class=\"paragraph--paragraph\">\n<div class=\"paragraph--container bg--inherit\">\n<div class=\"uk-container uk-container-small paragraph\">\n<h2>Cambridge Audio EXN 100 Streamer<\/h2>\n<h3 class=\"text-align-center\">EX-Stream-Exzellenz<\/h3>\n<p class=\"text-align-center\">Der EXN100 ist das Musik-Streaming-Gehirn Ihres neuen EX-Systems und bietet ein Erlebnis, das sogar die CX-Ger\u00e4te \u00fcbertrifft. Die EX-Serie wurde in unserer Londoner Zentrale fachm\u00e4nnisch weiterentwickelt und stellt einen gro\u00dfen Fortschritt dar \u2013 ihre Leistung wird nur von unserer Flaggschiff-Serie Edge \u00fcbertroffen.<\/p>\n<div class=\"feature__text \">\n<div class=\"feature__text_container\">\n<h3 class=\"feature__text--heading\">H\u00e4rter, besser, schneller, st\u00e4rker<\/h3>\n<div class=\"feature__text--body\">\n<p>Unser Team aus Audioexperten hat den ESS-Referenz-D\/A-Wandler des gefeierten CXN100 bis an seine Grenzen ausgereizt und jede Komponente des Signalwegs akribisch optimiert. Einfach ausgedr\u00fcckt: Wir haben das Beste genommen und es atemberaubend gemacht.<\/p>\n<h3 class=\"feature__text--heading\">Streamen Sie eine Welt voller Musik Streamen Sie kabellos die Welt der Musik<\/h3>\n<div class=\"feature__text--body\">\n<p>Erkunden Sie m\u00fchelos ein Klanguniversum mit nahtloser Unterst\u00fctzung f\u00fcr Spotify, TIDAL, Deezer, Qobuz, Internetradio und mehr \u2013 dank unserer hochmodernen StreamMagic-Plattform.<\/p>\n<p>Er ist auch Roon-f\u00e4hig. Egal, welche Musik Sie h\u00f6ren, der EXN100 offenbart neue Tiefen in jeder einzelnen Note.<\/p>\n<h3 class=\"\u201etext-align-center\u201c\">Verbinden Sie sich<\/h3>\n<p class=\"\u201etext-align-center\u201c\">Der EXN100 macht das Anschlie\u00dfen einer Vielzahl von Quellen einfach, auch per HDMI-eARC \u2013 so k\u00f6nnen Sie den Klang Ihrer Lieblingsfernsehsendungen und -filme aufwerten. Es ist eine Klangverbesserung, die Sie sowohl h\u00f6ren als auch sp\u00fcren werden.<\/p>\n<div class=\"feature__text \">\n<div class=\"feature__text_container\">\n<h3 class=\"feature__text--heading\">In the Air Tonight<\/h3>\n<div class=\"feature__text--body\">\n<p>Streichen Sie Kabel, ohne an Qualit\u00e4t zu sparen. Genie\u00dfen Sie kabelloses Streaming von Ger\u00e4ten wie einem Alva-Plattenspieler per aptX HD Bluetooth. Mit Chromecast built-in und AirPlay 2 ist das Streamen direkt von Ihrem Handy oder Laptop genauso simpel \u2013 und genauso beeindruckend.<\/p>\n<div class=\"feature__text \">\n<div class=\"feature__text_container\">\n<h3 class=\"feature__text--heading\">Ein Design f\u00fcrs Leben<\/h3>\n<div class=\"feature__text--body\">\n<p>Die EX-Serie ist nicht nur aufgrund ihrer Leistung und Funktionen au\u00dfergew\u00f6hnlich Genie\u00dfen Sie Stil und Substanz mit hochwertigem Aluminiumgeh\u00e4use und einem herrlich anzufassenden Bedienknopf mit R\u00e4ndelung.<\/p>\n<div class=\"feature__text \">\n<div class=\"feature__text_container\">\n<h3 class=\"feature__text--heading\">I Can See Clearly Now<\/h3>\n<div class=\"feature__text--body\">\n<p>Genie\u00dfen Sie mit dem gro\u00dfen, hochaufl\u00f6senden Display des EXN100 eine gr\u00f6\u00dfere, klarere Darstellung von Albumcovern \u2013 oder unserer legend\u00e4ren VU-Meter-Option. Es war noch nie einfacher, zu sehen, was Sie h\u00f6ren!<\/p>\n<div class=\"feature__text \">\n<div class=\"feature__text_container\">\n<h3 class=\"feature__text--heading\">You\u2019ve Got The Magic Touch<\/h3>\n<div class=\"feature__text--body\">\n<p>Mit der StreamMagic-App haben Sie die volle Kontrolle \u00fcber den EXN100 und k\u00f6nnen mehr von der Musik, den Podcasts und den Radiosendern entdecken, die Sie lieben. Ihr n\u00e4chstes tolles H\u00f6rerlebnis ist nur einen Wisch entfernt.<\/p>\n<h3 class=\"text-align-center\">Pump Up The Volume<\/h3>\n<p class=\"text-align-center\">Aktivieren Sie den Vorverst\u00e4rkermodus des EXN100, um ihn zu einem digitalen Schaltzentrum zu machen, mit Lautst\u00e4rkeregelung per StreamMagic-App, Fernbedienung oder Drehregler. Er ist ein vielseitiger Partner f\u00fcr jede Endstufe und jedes Vintage-System.<\/p>\n<p class=\"text-align-center\">Fachm\u00e4nnisch auf hervorragenden Klang ausgerichtet: Mit Sorgfalt in London entwickelt, um das volle Potenzial des ESS-D\/A-Wandlers und unserer StreamingPlattform StreamMagic auszusch\u00f6pfen.<\/p>\n<\/div>\n<\/div>\n<div id=\"edit-field-info\" class=\"product-commerce__info js-form-wrapper form-wrapper\" data-drupal-selector=\"edit-field-info\">\n<p>Streame deine Musik: Genie\u00dfen Sie m\u00fchelos Ihre Lieblingsdienste wie Spotify, TIDAL, Deezer, Qobuz, Internetradio und mehr.<\/p>\n<p>Verbessern Sie den Klang Ihres Fernsehers: Verbessern Sie ihr Home-Entertainment-Erlebnis mithilfe einer einfachen HDMI-eARC-Verbindung f\u00fcr ein beeindruckendes Klangerlebnis.<\/p>\n<p>Vielseitige Konnektivit\u00e4t: Anschlussm\u00f6glichkeiten \u00fcber USB-Audio, Koaxialkabel und TOSLINK oder drahtlose Verbindung \u00fcber Chromecast built-in, AirPlay 2 und Bluetooth aptX HD.<\/p>\n<p>Roon Ready: Durchsuchen Sie Ihre gesamte digitale Musikbibliothek nahtlos \u00fcber die intuitive Benutzeroberfl\u00e4che von Roon.<\/p>\n<p>Vorverst\u00e4rkermodus: Dient auch als digitaler Vorverst\u00e4rker und bietet Eingangsumschaltung und Lautst\u00e4rkeregelung f\u00fcr jedes System.<\/p>\n<p>Mehrzimmer-F\u00e4higkeit: Beschallen Sie Ihr Zuhause dank Kompatibilit\u00e4t mit Google Home, Apple AirPlay und Roon.<\/p>\n<p>Gro\u00dfer hochaufl\u00f6sender Farbbildschirm: Genie\u00dfen Sie die visuelle Darstellung von Albumcovern, VU-Metern und mehr.<\/p>\n<\/div>\n<\/div>\n<\/div>\n<\/div>\n<\/div>\n<\/div>\n<\/div>\n<\/div>\n<\/div>\n<\/div>\n<\/div>\n<\/div>\n<\/div>\n<\/div>\n<\/div>\n<\/div>\n<\/div>\n<\/div>\n","protected":false},"excerpt":{"rendered":"<p>Der <strong data-start=\"52\" data-end=\"79\">Cambridge Audio EXN 100<\/strong> ist ein leistungsstarker Netzwerk-Streamer mit hochwertigem DAC, moderner Streaming-Plattform und vielseitigen digitalen sowie analogen Anschl\u00fcssen. Er liefert pr\u00e4zisen, detailreichen Klang und ist die ideale Quelle f\u00fcr anspruchsvolle Stereo- und High-End-Setups.<\/p>\n","protected":false},"featured_media":6259,"template":"","meta":{"_acf_changed":false},"product_brand":[434],"product_cat":[269],"product_tag":[],"class_list":{"0":"post-6258","1":"product","2":"type-product","3":"status-publish","4":"has-post-thumbnail","6":"product_brand-cambridge-audio","7":"product_cat-streamer","9":"first","10":"instock","11":"shipping-taxable","12":"product-type-simple"},"acf":[],"_links":{"self":[{"href":"https:\/\/www.jupit.de\/produktwelt\/wp-json\/wp\/v2\/product\/6258","targetHints":{"allow":["GET"]}}],"collection":[{"href":"https:\/\/www.jupit.de\/produktwelt\/wp-json\/wp\/v2\/product"}],"about":[{"href":"https:\/\/www.jupit.de\/produktwelt\/wp-json\/wp\/v2\/types\/product"}],"wp:featuredmedia":[{"embeddable":true,"href":"https:\/\/www.jupit.de\/produktwelt\/wp-json\/wp\/v2\/media\/6259"}],"wp:attachment":[{"href":"https:\/\/www.jupit.de\/produktwelt\/wp-json\/wp\/v2\/media?parent=6258"}],"wp:term":[{"taxonomy":"product_brand","embeddable":true,"href":"https:\/\/www.jupit.de\/produktwelt\/wp-json\/wp\/v2\/product_brand?post=6258"},{"taxonomy":"product_cat","embeddable":true,"href":"https:\/\/www.jupit.de\/produktwelt\/wp-json\/wp\/v2\/product_cat?post=6258"},{"taxonomy":"product_tag","embeddable":true,"href":"https:\/\/www.jupit.de\/produktwelt\/wp-json\/wp\/v2\/product_tag?post=6258"}],"curies":[{"name":"wp","href":"https:\/\/api.w.org\/{rel}","templated":true}]}}