{"id":6247,"date":"2025-05-15T12:02:16","date_gmt":"2025-05-15T10:02:16","guid":{"rendered":"https:\/\/www.jupit.de\/produktwelt\/?post_type=product&#038;p=6247"},"modified":"2026-02-04T15:45:04","modified_gmt":"2026-02-04T14:45:04","slug":"lyngdorf-tdai-2210","status":"publish","type":"product","link":"https:\/\/www.jupit.de\/produktwelt\/produkt\/streaming-verstaerker\/lyngdorf-tdai-2210\/","title":{"rendered":"Lyngdorf TDAI-2210 &#8211; Streaming Verst\u00e4rker"},"content":{"rendered":"<h2><strong>Lyngdorf TDAI-2210<\/strong> &#8211; <strong>Der neue digitale <\/strong><strong>Streaming-Verst\u00e4rker<\/strong><\/h2>\n<p>Der TDAI-2210 ist der neueste integrierte Streaming-Verst\u00e4rker von Lyngdorf Audio. Mit verschiedenen digitalen Eing\u00e4ngen wie USB-C, HDMI 2.1, analogen Eing\u00e4ngen, optionalen modularen Upgrades, einem integrierten Musik-Streaming-Player und der einzigartigen RoomPerfect<sup>TM<\/sup>-Kalibrierung ist der TDAI-2210 bereit f\u00fcr jede Art von Musiksystem. Der Verst\u00e4rker leistet 2 x 210 Watt an 4 Ohm und ist damit selbst f\u00fcr anspruchsvollste Lautsprecher geeignet.<\/p>\n<h2><strong>Lyngdorf Audio\u2019s neuester Streaming Verst\u00e4rker<\/strong><\/h2>\n<p><strong>Neuer Farb-Touchscreen mit seidenglatter Glas-Oberfl\u00e4che <\/strong><\/p>\n<p>Der Touchscreen und das Bedienmen\u00fc machen es einfacher denn je, einen Lyngdorf Verst\u00e4rker zu steuern. Der Bildschirm f\u00fchrt durch die erste Einrichtung, hilft beim Entdecken aller Funktionen, erm\u00f6glicht eine individuelle Anpassung des Verst\u00e4rkers, und macht Musikstreaming noch bequemer. Besondere Aufmerksamkeit haben die Lyngdorf Entwickler der Auswahl des Bildschirms geschenkt: Eine seidenglatte Echtglas-Oberfl\u00e4che f\u00fcr bestes Fingergef\u00fchl, kaum sichtbare Fingerabdr\u00fccke\u00a0und ein farbstarkes Bild.<\/p>\n<p><strong>Digitale Verst\u00e4rker-Technologie und klassenbeste Lautst\u00e4rkeregelung<\/strong>TDAI steht f\u00fcr True Digital Amplifier Integrated. Die Verst\u00e4rkung erfolgt zu 100 % digital, ohne analoge Wandlung bis kurz vor die Lautsprecherausg\u00e4nge.<br \/>\nDas digitale Signal versorgt die Lautsprecher direkt, w\u00e4hrend das Lautst\u00e4rkerad die Verst\u00e4rkungsspannung in der Ausgangsstufe regelt. Diese einzigartige Lyngdorf Technologie eliminiert mehrere analoge Komponenten und Signalwege, die eine Quelle f\u00fcr Grundrauschen, \u00dcbersprechen und Verzerrungen sind. Dieses Verst\u00e4rkerprinzip gew\u00e4hrleistet die beste Klangqualit\u00e4t bei allen Lautst\u00e4rken und einen unverf\u00e4lschten Klang.<\/p>\n<p><strong>Besserer Klang zu Hause mit RoomPerfect<sup>TM<\/sup><\/strong><\/p>\n<p>RoomPerfect\u2122 ist eine der ausgefeiltesten L\u00f6sungen f\u00fcr die Anpassung von Lautsprechern an den Raum. Die Kalibrierung erfasst raumakustische Probleme, zum Beispiel Bassdr\u00f6hnen, Bassmangel, ungleichm\u00e4\u00dfiger Bass, und diffuse Klangbbildung. RoomPerfect\u2122 korrigiert diese Probleme im digitalen Bereich und erm\u00f6glicht es den Lautsprechern, in jedem Raum bestm\u00f6glich ihre St\u00e4rken auszuspielen &#8211; ohne dass der Klang linearisiert wird. Zudem ist RoomPerfect<sup>TM<\/sup> mit der Lyngdorf App sehr einfach zu bedienen &#8211; kein Computer, keine Software und keine Kalibrierungskenntnisse sind erforderlich.<strong><br \/>\n<\/strong><\/p>\n<p><strong>Designed, gefertigt und 24h getestet bei Lyngdorf Audio in D\u00e4nemark<\/strong><\/p>\n<p>Der TDAI-2210 wird nach den h\u00f6chsten Qualit\u00e4tsstandards bei Lyngdorf Audio in D\u00e4nemark gefertigt. Jedes Ger\u00e4t muss einen 24-st\u00fcndigen Test bestehen, bei dem alle Eing\u00e4nge und Ausg\u00e4nge verwendet werden und beide Verst\u00e4rkerkan\u00e4le unter Last betrieben werden, um alle angegebenen Messwerte zu erf\u00fcllen. Dies garantiert bei jedem TDAI-2210 die h\u00f6chste Leistung, Qualit\u00e4t und Zuverl\u00e4ssigkeit.<\/p>\n","protected":false},"excerpt":{"rendered":"<p><strong>TDAI-2210 &#8211; Lyngdorf\u00a0 Audio\u2019s neuester Streaming Verst\u00e4rker<\/strong><\/p>\n<p>Der TDAI-2210 ist der neueste integrierte Streaming-Verst\u00e4rker von Lyngdorf Audio. Mit verschiedenen digitalen Eing\u00e4ngen wie USB-C, HDMI 2.1, analogen Eing\u00e4ngen, optionalen modularen Upgrades, einem integrierten Musik-Streaming-Player und der einzigartigen RoomPerfect<sup>TM<\/sup>-Kalibrierung ist der TDAI-2210 bereit f\u00fcr jede Art von Musiksystem. Der Verst\u00e4rker leistet 2 x 210 Watt an 4 Ohm und ist damit selbst f\u00fcr anspruchsvollste Lautsprecher geeignet.<\/p>\n","protected":false},"featured_media":6248,"template":"","meta":{"_acf_changed":false},"product_brand":[447],"product_cat":[275],"product_tag":[],"class_list":{"0":"post-6247","1":"product","2":"type-product","3":"status-publish","4":"has-post-thumbnail","6":"product_brand-lyngdorf","7":"product_cat-streaming-verstaerker","9":"first","10":"instock","11":"shipping-taxable","12":"product-type-simple"},"acf":[],"_links":{"self":[{"href":"https:\/\/www.jupit.de\/produktwelt\/wp-json\/wp\/v2\/product\/6247","targetHints":{"allow":["GET"]}}],"collection":[{"href":"https:\/\/www.jupit.de\/produktwelt\/wp-json\/wp\/v2\/product"}],"about":[{"href":"https:\/\/www.jupit.de\/produktwelt\/wp-json\/wp\/v2\/types\/product"}],"wp:featuredmedia":[{"embeddable":true,"href":"https:\/\/www.jupit.de\/produktwelt\/wp-json\/wp\/v2\/media\/6248"}],"wp:attachment":[{"href":"https:\/\/www.jupit.de\/produktwelt\/wp-json\/wp\/v2\/media?parent=6247"}],"wp:term":[{"taxonomy":"product_brand","embeddable":true,"href":"https:\/\/www.jupit.de\/produktwelt\/wp-json\/wp\/v2\/product_brand?post=6247"},{"taxonomy":"product_cat","embeddable":true,"href":"https:\/\/www.jupit.de\/produktwelt\/wp-json\/wp\/v2\/product_cat?post=6247"},{"taxonomy":"product_tag","embeddable":true,"href":"https:\/\/www.jupit.de\/produktwelt\/wp-json\/wp\/v2\/product_tag?post=6247"}],"curies":[{"name":"wp","href":"https:\/\/api.w.org\/{rel}","templated":true}]}}