{"id":6242,"date":"2025-05-15T11:35:47","date_gmt":"2025-05-15T09:35:47","guid":{"rendered":"https:\/\/www.jupit.de\/produktwelt\/?post_type=product&#038;p=6242"},"modified":"2026-02-04T13:17:44","modified_gmt":"2026-02-04T12:17:44","slug":"pro-ject-ac-dc-plattenspieler","status":"publish","type":"product","link":"https:\/\/www.jupit.de\/produktwelt\/produkt\/plattenspieler\/pro-ject-ac-dc-plattenspieler\/","title":{"rendered":"Pro-Ject AC\/DC Plattenspieler"},"content":{"rendered":"<h2>Limitierter Plattenspieler f\u00fcr Rockfans<\/h2>\n<p><strong>Exklusives AC\/DC-Design<\/strong><\/p>\n<p><strong>Glasteller mit hoher Masse<\/strong><br \/>\nSchwere, resonanzfreie Konstruktion f\u00fcr pr\u00e4zise und stabile Wiedergabe. Sichtbar hochwertige Bauweise \u2013 keine Kunststoffteile im Sichtbereich.<\/p>\n<p><strong>Subteller mit LED-Beleuchtung<\/strong><br \/>\nAcryl-Subteller mit Edelstahlachse in Bronzebuchse; und roter LED-Beleuchtung als visuelles Highlight.<\/p>\n<p><strong>Neuentwickelter Tonarm<\/strong><br \/>\nResonanzarmes Design mit optischem Bezug zum AC\/DC-Stil. Kompatibel und werksseitig ausgestattet mit dem Ortofon 2M Red.<\/p>\n<p><strong>MDF-Sockel und AC-Motor mit Silikonriemen<\/strong><br \/>\nSolide Basis zur Minimierung von Vibrationen. Der Motor liefert konstante Geschwindigkeiten \u00fcber einen flachen Silikonriemen.<\/p>\n<ul class=\"styled-list\">\n<li>Limitierte Sonderedition in der Artist Collection<\/li>\n<li>8,6-Zoll-Tonarm aus Acryl mit Feder-Antiskating.<\/li>\n<li>NEU AC\/DC-Sockeldesign aus 28 mm starkem MDF<\/li>\n<li>Schwerer 10-mm-Glasteller und Subteller aus Acryl mit LED-Beleuchtung.<\/li>\n<li>Pr\u00e4zisions-Riemenantrieb<\/li>\n<li>Halbsymmetrisches Phonokabel<\/li>\n<li>Vergoldete Cinch-Anschl\u00fcsse<\/li>\n<li>Drei h\u00f6henverstellbare Spikef\u00fc\u00dfe entkoppeln den Plattenspieler.<\/li>\n<li>Hochwertiger vorjustierter Ortofon 2M Red Tonabnehmer.<\/li>\n<li>Handmade with Rock&#8217;n&#8217;Roll in Europe!<\/li>\n<\/ul>\n","protected":false},"excerpt":{"rendered":"<p>Offiziell lizenziertes Modell mit Gestaltungselementen basierend auf dem ikonischen Band-Logo. Limitiertes Sondermodell.<\/p>\n","protected":false},"featured_media":6243,"template":"","meta":{"_acf_changed":false},"product_brand":[439],"product_cat":[273],"product_tag":[443,445,442,440,446],"class_list":{"0":"post-6242","1":"product","2":"type-product","3":"status-publish","4":"has-post-thumbnail","6":"product_brand-pro-ject","7":"product_cat-plattenspieler","8":"product_tag-hifi","9":"product_tag-jupit","10":"product_tag-limitierte-auflage","11":"product_tag-plattenspieler","12":"product_tag-pro-ject","14":"first","15":"instock","16":"shipping-taxable","17":"product-type-simple"},"acf":[],"_links":{"self":[{"href":"https:\/\/www.jupit.de\/produktwelt\/wp-json\/wp\/v2\/product\/6242","targetHints":{"allow":["GET"]}}],"collection":[{"href":"https:\/\/www.jupit.de\/produktwelt\/wp-json\/wp\/v2\/product"}],"about":[{"href":"https:\/\/www.jupit.de\/produktwelt\/wp-json\/wp\/v2\/types\/product"}],"wp:featuredmedia":[{"embeddable":true,"href":"https:\/\/www.jupit.de\/produktwelt\/wp-json\/wp\/v2\/media\/6243"}],"wp:attachment":[{"href":"https:\/\/www.jupit.de\/produktwelt\/wp-json\/wp\/v2\/media?parent=6242"}],"wp:term":[{"taxonomy":"product_brand","embeddable":true,"href":"https:\/\/www.jupit.de\/produktwelt\/wp-json\/wp\/v2\/product_brand?post=6242"},{"taxonomy":"product_cat","embeddable":true,"href":"https:\/\/www.jupit.de\/produktwelt\/wp-json\/wp\/v2\/product_cat?post=6242"},{"taxonomy":"product_tag","embeddable":true,"href":"https:\/\/www.jupit.de\/produktwelt\/wp-json\/wp\/v2\/product_tag?post=6242"}],"curies":[{"name":"wp","href":"https:\/\/api.w.org\/{rel}","templated":true}]}}