{"id":6162,"date":"2024-11-05T13:51:40","date_gmt":"2024-11-05T12:51:40","guid":{"rendered":"https:\/\/www.jupit.de\/produktwelt\/?post_type=product&#038;p=6162"},"modified":"2026-02-05T15:08:11","modified_gmt":"2026-02-05T14:08:11","slug":"audio-technica-fluessiger-nadelreiniger-at607a","status":"publish","type":"product","link":"https:\/\/www.jupit.de\/produktwelt\/produkt\/pflegen-reinigen\/audio-technica-fluessiger-nadelreiniger-at607a\/","title":{"rendered":"Audio-Technica Fl\u00fcssiger Nadelreiniger AT607a"},"content":{"rendered":"","protected":false},"excerpt":{"rendered":"<p>Die AT607 Nadelreiniger verl\u00e4ngern die Lebensdauer der Nadel und der Schallplatte. Die spezielle Pflegel\u00f6sung hilft gegen Staub und Schmutz um eine gute Abtastung zu gew\u00e4hrleisten.Der Reinigungspinsel ist in der Verschlusskappe integriert und einfach zu gebrauchen.<\/p>\n","protected":false},"featured_media":6163,"template":"","meta":{"_acf_changed":false},"product_brand":[435],"product_cat":[298],"product_tag":[],"class_list":{"0":"post-6162","1":"product","2":"type-product","3":"status-publish","4":"has-post-thumbnail","6":"product_brand-audio-technica","7":"product_cat-pflegen-reinigen","9":"first","10":"instock","11":"shipping-taxable","12":"product-type-simple"},"acf":[],"_links":{"self":[{"href":"https:\/\/www.jupit.de\/produktwelt\/wp-json\/wp\/v2\/product\/6162","targetHints":{"allow":["GET"]}}],"collection":[{"href":"https:\/\/www.jupit.de\/produktwelt\/wp-json\/wp\/v2\/product"}],"about":[{"href":"https:\/\/www.jupit.de\/produktwelt\/wp-json\/wp\/v2\/types\/product"}],"wp:featuredmedia":[{"embeddable":true,"href":"https:\/\/www.jupit.de\/produktwelt\/wp-json\/wp\/v2\/media\/6163"}],"wp:attachment":[{"href":"https:\/\/www.jupit.de\/produktwelt\/wp-json\/wp\/v2\/media?parent=6162"}],"wp:term":[{"taxonomy":"product_brand","embeddable":true,"href":"https:\/\/www.jupit.de\/produktwelt\/wp-json\/wp\/v2\/product_brand?post=6162"},{"taxonomy":"product_cat","embeddable":true,"href":"https:\/\/www.jupit.de\/produktwelt\/wp-json\/wp\/v2\/product_cat?post=6162"},{"taxonomy":"product_tag","embeddable":true,"href":"https:\/\/www.jupit.de\/produktwelt\/wp-json\/wp\/v2\/product_tag?post=6162"}],"curies":[{"name":"wp","href":"https:\/\/api.w.org\/{rel}","templated":true}]}}