{"id":6151,"date":"2024-11-05T13:45:20","date_gmt":"2024-11-05T12:45:20","guid":{"rendered":"https:\/\/www.jupit.de\/produktwelt\/?post_type=product&#038;p=6151"},"modified":"2026-02-05T14:56:19","modified_gmt":"2026-02-05T13:56:19","slug":"dynaudio-emit-25c","status":"publish","type":"product","link":"https:\/\/www.jupit.de\/produktwelt\/produkt\/lautsprecher\/kompaktlautsprecher\/dynaudio-emit-25c\/","title":{"rendered":"Dynaudio Emit 25C"},"content":{"rendered":"<h2>Dynaudio Emit 25C \u2013 Center-Speaker f\u00fcr klaren Filmsound<\/h2>\n<p>Man sagt, dass der Klang im (Heim-)Kino bis zu 80% des Filmerlebnisses ausmacht. Und der Center-Lautsprecher spielt hier eine \u2026 nun, zentrale Rolle. Wir pr\u00e4sentieren: Die Emit 25C.<\/p>\n<p>Es gibt gute Argumente daf\u00fcr, den Center-Kanal als wichtigstes Element eines Surroundsound-Systems zu betrachten. Hier wird der L\u00f6wenanteil der Dialoge eines Films wiedergegeben, und auch die Musik hat bei einem komplexen Mehrkanal-Mix hier oft ihren Schwerpunkt. Kurz: Dieser Lautsprecher tr\u00e4gt viel Verantwortung.<\/p>\n<p>Und die Emit 25C wird dieser Verantwortung gerecht.<\/p>\n<p>Letzten Endes handelt es sich hier um eine \u201equer gelegte\u201c Emit 30, deren Tief-\/Mittelt\u00f6ner sich auf den beiden Seiten des Hocht\u00f6ners befinden. Die Chassisbest\u00fcckung ist dieselbe; die Frequenzweiche ist dieselbe, aber das Geh\u00e4use und die Abstimmung der Ports ist anders. Aber das ist kein fauler Kompromiss \u2013 ganz im Gegenteil. Tats\u00e4chlich ergibt sich aus dieser Anpassung, dass der Center-Lautsprecher und die beiden flankierenden Lautsprecher (unabh\u00e4ngig davon, ob es sich dabei um die Emit-Modelle 10, 20, 30 oder sogar 50 handelt) ein absolut koh\u00e4rentes Klangbild liefern. Dasselbe gilt nat\u00fcrlich f\u00fcr die Seiten- und oder -R\u00fccklautsprecher.<\/p>\n<p><strong>Hochwertige Tief-\/Mittelt\u00f6ner<\/strong><\/p>\n<p>Bei der Emit 25C kommen dieselben 14 cm durchmessenden MSP-Tieft\u00f6ner wie bei den Modellen Emit 10 und Emit 30 zum Einsatz. MSP steht f\u00fcr \u201eMagnesiumsilikatpolymer\u201c. Dies ist ein Material, das wir bereits vor Jahrzehnten entwickelt haben. Seitdem haben wir es f\u00fcr unsere legend\u00e4ren Lautsprecher (darunter die Baureihen Confidence, Contour, Heritage Special) weiter verfeinert. MSP zeichnet sich durch die richtige Kombination aus Leichtigkeit, Steifheit und D\u00e4mpfung aus, mit der die Details einer Aufnahme genau so h\u00f6rbar werden, wie es die K\u00fcnstler im Tonstudio beabsichtigt haben. Jede MSP-Membran besteht aus einem St\u00fcck \u2013 auch die Staubkappe ist vollst\u00e4ndig integriert und nicht aufgeklebt. Die \u201eBalance Ribs\u201c in der Mitte sind direkt mit der Schwingspule verbunden, sodass sich das Gesamtsystem als solches bewegt. Das Resultat ist eine hervorragende Steuerbarkeit und ein dementsprechend detailreiches Klangbild.<\/p>\n<p>Der Spulentr\u00e4ger ist aus Glasfaser in zwei Schichten gefertigt. Die Schwingspulen selbst bestehen aus leichtem Aluminiumdraht, der mit einer d\u00fcnnen Kupferschicht ummantelt ist. Das Hauptmaterial Aluminium wird verwendet, da seine geringe Masse die Bewegung des Chassis nicht einschr\u00e4nkt. Mittels der Kupferbeschichtung kann die magnetische Energie aus dem \u201eDual Stacked\u201c-Ferritmagnetsystem besser genutzt werden. So entsteht ein optimaler Energiefluss \u2013 ohne Kompromisse bei der Dynamik. Die Membranen bewegen sich leichtf\u00fc\u00dfig und signalgetreu.<\/p>\n<p><strong>H\u00f6chste Wiedergabequalit\u00e4t<\/strong><\/p>\n<p>Die Emit 25C ist \u2013 wie alle anderen Modelle der Emit-Produktfamilie \u2013 mit dem High-End-Hocht\u00f6ner Cerotar ausgestattet, der auch in unserer preisgekr\u00f6nten Evoke-Serie verwendet wird. Es basiert auf dem Hocht\u00f6ner Esotar Forty, der in unserem Jubil\u00e4umslautsprecher Special Forty verbaut ist. Innovative Technologien in diesem Modul reduzieren unerw\u00fcnschte Resonanzen und optimieren den Luftstrom im Chassis. Im Lautsprechergeh\u00e4use verbirgt sich eine besondere Innovation, die wir unter anderem auch in der Evoke, der Confidence und der Contour verbaut haben: die Hexis. Dies ist eine kleine, genoppte Innenkuppel, welche die Reflexionen auf der R\u00fcckseite der Wiedergabefl\u00e4che deutlich reduziert. H\u00f6rbar wird dies durch eine unglaubliche Aufl\u00f6sung und Detailfreudigkeit: s\u00fc\u00dfe, seidige H\u00f6hen, die Ihre Ohren nicht erm\u00fcden \u2013 auch nicht nach Stunden.<\/p>\n<p><strong>Geh\u00e4use im klassischen d\u00e4nischen Design<\/strong><\/p>\n<p>Die Emit 25C ist mit drei individuellen Oberfl\u00e4chen erh\u00e4ltlich: \u201eBlack\u201c, \u201eWhite\u201c und \u201eWalnut\u201c. Sie k\u00f6nnen gut miteinander kombiniert werden und werden sich nahtlos in Ihr Wohnzimmer einf\u00fcgen. Dieser Aspekt ist besonders beim Center-Kanal wichtig. Denn Sie werden sich (so ungern wir das zugeben) vermutlich lieber mit dem Film besch\u00e4ftigen wollen, den Ihr Fernsehger\u00e4t zeigt, als mit dem Design des darunter platzierten Lautsprechers.<\/p>\n<p>Die Emit 25C ist der Dreh- und Angelpunkt Ihres Heimkino-Lautsprechersystems. Leistung, Kontrolle und Finesse in einer kompakten Einheit.<\/p>\n<p><strong>Merkmale<\/strong><\/p>\n<p>Hi-Fi beginnt mit Emit<\/p>\n<p>Entwickelt und konstruiert in D\u00e4nemark<\/p>\n<p>Die gesamte Emit-Produktfamilie wurde in unserer High-End-Messanlage Jupiter in den Dynaudio Labs auf Herz und Nieren gepr\u00fcft. Die Emit-Lautsprecher m\u00fcssen denselben strengen Kriterien gen\u00fcgen wie alle anderen Lautsprecher unseres Sortiments. Jedes Detail wird gemessen; alles kommt auf den Pr\u00fcfstand.<\/p>\n<p>Der Cerotar Hocht\u00f6ner<\/p>\n<p>Bei der Emit kommt der profilierte Hocht\u00f6ner Cerotar aus unserer Evoke-Serie zum Einsatz. Dies ist ein besonders hochwertiger Hocht\u00f6ner, der von unseren Oberklasse-Modellreihen Confidence und Heritage Special inspiriert wurde. Seine au\u00dfergew\u00f6hnliche Leistung verdankt er unter anderem der innovativen resonanzmindernden Hexis-Innenkuppel.<\/p>\n<p>Einfach und schn\u00f6rkellos<\/p>\n<p>Die Lautsprecher der Emit-Modellreihe passen zu modernen Lebensstilen und Innenr\u00e4umen. Ob klassische Stereoanlage oder gro\u00dfes Surroundsystem: Klare Linien, einfache Oberfl\u00e4chen und das typisch minimalistische skandinavische Design schaffen auch \u00e4sthetisch klare Verh\u00e4ltnisse.<\/p>\n<p><strong data-start=\"108\" data-end=\"128\">Empfindlichkeit:<\/strong> 87 dB (2,83 V \/ 1 m)<br data-start=\"149\" data-end=\"152\" \/><strong data-start=\"152\" data-end=\"174\">IEC-Belastbarkeit:<\/strong> 180 Watt<br data-start=\"183\" data-end=\"186\" \/><strong data-start=\"186\" data-end=\"199\" data-is-only-node=\"\">Impedanz:<\/strong> 4 \u03a9<br data-start=\"203\" data-end=\"206\" \/><strong data-start=\"206\" data-end=\"233\">Frequenzumfang (\u00b13 dB):<\/strong> 53 Hz bis 25 kHz (\u20136 dB: 46 Hz bis 35 kHz)<br data-start=\"276\" data-end=\"279\" \/><strong data-start=\"279\" data-end=\"294\">Ausf\u00fchrung:<\/strong> R\u00fcckseitig herausgef\u00fchrtes Doppel-Bassreflexsystem<br data-start=\"345\" data-end=\"348\" \/><strong data-start=\"348\" data-end=\"367\">Frequenzweiche:<\/strong> 2,5-Wege<br data-start=\"376\" data-end=\"379\" \/><strong data-start=\"379\" data-end=\"403\">\u00dcbergangsfrequenzen:<\/strong> 1.000 \/ 3.500 Hz<br data-start=\"420\" data-end=\"423\" \/><strong data-start=\"423\" data-end=\"453\">Frequenzweichen-Typologie:<\/strong> Hocht\u00f6ner 1. Ordnung \/ Tieft\u00f6ner 2. Ordnung<br data-start=\"497\" data-end=\"500\" \/><strong data-start=\"500\" data-end=\"528\">Mittelt\u00f6ner \/ Tieft\u00f6ner:<\/strong> 14 cm MSP<br data-start=\"538\" data-end=\"541\" \/><strong data-start=\"541\" data-end=\"555\">Tieft\u00f6ner:<\/strong> 14 cm MSP<br data-start=\"565\" data-end=\"568\" \/><strong data-start=\"568\" data-end=\"582\">Hocht\u00f6ner:<\/strong> Cerotar-Gewebekalotte mit Hexis<br data-start=\"614\" data-end=\"617\" \/><strong data-start=\"617\" data-end=\"629\">Gewicht:<\/strong> 10,98 kg<br data-start=\"638\" data-end=\"641\" \/><strong data-start=\"641\" data-end=\"669\">Abmessungen (B \u00d7 H \u00d7 T):<\/strong> 550 \u00d7 170,1 \u00d7 271,5 mm<br data-start=\"692\" data-end=\"695\" \/><strong data-start=\"695\" data-end=\"750\">Abmessungen mit Standf\u00fc\u00dfen &amp; Abdeckung (B \u00d7 H \u00d7 T):<\/strong> 550 \u00d7 170,1 \u00d7 284,5 mm<\/p>\n","protected":false},"excerpt":{"rendered":"<p>Man sagt, dass der Klang im (Heim-)Kino bis zu 80% des Filmerlebnisses ausmacht. Und der Center-Lautsprecher spielt hier eine \u2026 nun, zentrale Rolle. Wir pr\u00e4sentieren: Die Emit 25C.<\/p>\n","protected":false},"featured_media":6160,"template":"","meta":{"_acf_changed":false},"product_brand":[436],"product_cat":[277,301],"product_tag":[],"class_list":{"0":"post-6151","1":"product","2":"type-product","3":"status-publish","4":"has-post-thumbnail","6":"product_brand-dynaudio","7":"product_cat-lautsprecher","8":"product_cat-kompaktlautsprecher","10":"first","11":"instock","12":"shipping-taxable","13":"product-type-simple"},"acf":[],"_links":{"self":[{"href":"https:\/\/www.jupit.de\/produktwelt\/wp-json\/wp\/v2\/product\/6151","targetHints":{"allow":["GET"]}}],"collection":[{"href":"https:\/\/www.jupit.de\/produktwelt\/wp-json\/wp\/v2\/product"}],"about":[{"href":"https:\/\/www.jupit.de\/produktwelt\/wp-json\/wp\/v2\/types\/product"}],"wp:featuredmedia":[{"embeddable":true,"href":"https:\/\/www.jupit.de\/produktwelt\/wp-json\/wp\/v2\/media\/6160"}],"wp:attachment":[{"href":"https:\/\/www.jupit.de\/produktwelt\/wp-json\/wp\/v2\/media?parent=6151"}],"wp:term":[{"taxonomy":"product_brand","embeddable":true,"href":"https:\/\/www.jupit.de\/produktwelt\/wp-json\/wp\/v2\/product_brand?post=6151"},{"taxonomy":"product_cat","embeddable":true,"href":"https:\/\/www.jupit.de\/produktwelt\/wp-json\/wp\/v2\/product_cat?post=6151"},{"taxonomy":"product_tag","embeddable":true,"href":"https:\/\/www.jupit.de\/produktwelt\/wp-json\/wp\/v2\/product_tag?post=6151"}],"curies":[{"name":"wp","href":"https:\/\/api.w.org\/{rel}","templated":true}]}}