{"id":6144,"date":"2024-11-05T13:38:06","date_gmt":"2024-11-05T12:38:06","guid":{"rendered":"https:\/\/www.jupit.de\/produktwelt\/?post_type=product&#038;p=6144"},"modified":"2026-02-04T16:04:10","modified_gmt":"2026-02-04T15:04:10","slug":"cambridge-audio-evo-one","status":"publish","type":"product","link":"https:\/\/www.jupit.de\/produktwelt\/produkt\/multimedia\/cambridge-audio-evo-one\/","title":{"rendered":"Cambridge Audio Evo One &#8211; Streaming-Amp mit Stil"},"content":{"rendered":"<p><strong>TECHNISCHE DATEN<\/strong><\/p>\n<ul class=\"styled-list\">\n<li>14 Treiber\u00a0(4 x 1\u201c Seidenkalotten-Hocht\u00f6ner, 4 x 2,25\u201c Aluminiumkonus-Mittelt\u00f6ner und 6 x 2,75\u201c Langhub-Tieft\u00f6ner)<\/li>\n<li>700 W Class-D-Verst\u00e4rkung (50 W RMS pro Treiber)<\/li>\n<li>Gro\u00dfer 6,8&#8243;-1280 x 480 IPS-TFT-Farbbildschirm mit wahlweise VU-Meter, Album-Cover oder Uhranzeige<\/li>\n<li>StreamMagic Gen 4 Modul mit Unterst\u00fctzung f\u00fcr TIDAL Connect, Spotify Connect, Qobuz, Deezer, Roon Ready, UPnP und Internet Radio<\/li>\n<li>FSC-zertifiziertes Holzfurnier und MDF-Geh\u00e4use mit sch\u00f6n gemaserter, nat\u00fcrlicher Walnussoberfl\u00e4che<\/li>\n<li>Unterst\u00fctzte Audioformate: WAV, FLAC, ALAC, AIFF, DSD (DSF und DFF), WMA, MP3 (CBR und VBR), AAC, HE AAC und AAC+ (CBR und VBR), OGG Vorbis<\/li>\n<li>Unterst\u00fctzung f\u00fcr bis zu 32-bit\/192kHz Audioaufl\u00f6sung<\/li>\n<li>7-Band-EQ-Einstellung mit benutzerdefinierter EQ-Speicheroption, plus eine Reihe von EQ-Voreinstellungen<\/li>\n<li>Raumoptimierungseinstellungen\u00a0zur Anpassung des Klangs an Ihren Raum und Ihre Aufstellung<\/li>\n<li>Drahtlose Konnektivit\u00e4t: Wi-Fi, Bluetooth 5.1 A2DP, AirPlay 2, Google Cast<\/li>\n<li>Kabelgebundene Konnektivit\u00e4t:\u00a0TV eARC, Ethernet, RCA-Line-In, MM-Phono, optisch-digital, USB-A Media<\/li>\n<li>Mitgelieferte Fernbedienung<\/li>\n<li>675 x 129 x 290mm (26.6 x 5.1 x 11.4&#8243;), 14.5kg (32lbs)<\/li>\n<\/ul>\n","protected":false},"excerpt":{"rendered":"<p>Der<strong>\u00a0brandneue Evo One<\/strong>\u00a0nutzt die hochaufl\u00f6senden Streaming-F\u00e4higkeiten und die Musikalit\u00e4t der Streaming-Verst\u00e4rker Evo 75 und Evo 150, um mit 14 perfekt abgestimmten Treibern und einer Verst\u00e4rkung von 700 W ein einzigartiges, omnidirektionales Klangerlebnis zu schaffen.<\/p>\n<p>Die Streaming-F\u00e4higkeiten des<strong>\u00a0Evo One<\/strong>\u00a0werden von unserer StreamMagic-Plattform bereitgestellt, die auch das Herzst\u00fcck unserer preisgekr\u00f6nten Netzwerkplayer CXN100 und MXN10 bildet. Als perfekte All-in-One-Audiol\u00f6sung ist\u00a0<strong>Evo One<\/strong>\u00a0eine unkomplizierte und sch\u00f6ne Art, Lieblingsmusik, Filme und mehr zu genie\u00dfen.<\/p>\n","protected":false},"featured_media":6145,"template":"","meta":{"_acf_changed":false},"product_brand":[434],"product_cat":[274],"product_tag":[],"class_list":{"0":"post-6144","1":"product","2":"type-product","3":"status-publish","4":"has-post-thumbnail","6":"product_brand-cambridge-audio","7":"product_cat-multimedia","9":"first","10":"instock","11":"shipping-taxable","12":"product-type-simple"},"acf":[],"_links":{"self":[{"href":"https:\/\/www.jupit.de\/produktwelt\/wp-json\/wp\/v2\/product\/6144","targetHints":{"allow":["GET"]}}],"collection":[{"href":"https:\/\/www.jupit.de\/produktwelt\/wp-json\/wp\/v2\/product"}],"about":[{"href":"https:\/\/www.jupit.de\/produktwelt\/wp-json\/wp\/v2\/types\/product"}],"wp:featuredmedia":[{"embeddable":true,"href":"https:\/\/www.jupit.de\/produktwelt\/wp-json\/wp\/v2\/media\/6145"}],"wp:attachment":[{"href":"https:\/\/www.jupit.de\/produktwelt\/wp-json\/wp\/v2\/media?parent=6144"}],"wp:term":[{"taxonomy":"product_brand","embeddable":true,"href":"https:\/\/www.jupit.de\/produktwelt\/wp-json\/wp\/v2\/product_brand?post=6144"},{"taxonomy":"product_cat","embeddable":true,"href":"https:\/\/www.jupit.de\/produktwelt\/wp-json\/wp\/v2\/product_cat?post=6144"},{"taxonomy":"product_tag","embeddable":true,"href":"https:\/\/www.jupit.de\/produktwelt\/wp-json\/wp\/v2\/product_tag?post=6144"}],"curies":[{"name":"wp","href":"https:\/\/api.w.org\/{rel}","templated":true}]}}